{"id":245,"date":"2019-12-12T13:34:56","date_gmt":"2019-12-12T12:34:56","guid":{"rendered":"http:\/\/wp.luechtenberg.de\/?page_id=245"},"modified":"2019-12-12T14:15:29","modified_gmt":"2019-12-12T13:15:29","slug":"mauritius-2000","status":"publish","type":"page","link":"https:\/\/www.luechtenberg.de\/WordPress_01\/gaby-und-roland\/mauritius-2000\/","title":{"rendered":"Mauritius 2000"},"content":{"rendered":"\n<p>Im Fr\u00fchling 2000, also noch zu Zeiten der guten alten D-Mark, zog es uns nach Mauritius. Bei der Ankunft erwartete uns ein recht heisses. tropisches Klima. Mit winzigen Bussen, bei denen das Gep\u00e4ck auf dem Dach verstaut wurde, sind wir dann zu den Hotels gebracht worden.<br>Da hatten wir wohl einen Volltreffer gelandet, denn unser Hotel &#8222;Trou au Biche&#8220; war wundersch\u00f6n am Strand gelegen. Kein gro\u00dfes Geb\u00e4ude, sondern nur eine offene Eingangshalle, \u00fcber die man zu den auf dem gro\u00dfen Gel\u00e4nde verteilten kleinen Chalets kam. Auf Mauritius darf wohl kein Hotel h\u00f6her als die umgebenden Palmen gebaut werden. Dass dieses Hotel wohl die weltweit bekannte Location f\u00fcr Hochzeitszeremonien am Strand war, haben wir erst an den n\u00e4chsten Abenden erfahren&#8230;<\/p>\n\n\n\n<p>Wir wollten eigentlich Schnorcheln, doch wir haben kaum intakte Riffe am Hotel gefunden. Gerne brachte Uns ein Hotelangestellter die wenigen hundert Meter mit einem kleinen Dinghy hinaus, doch er warf seinen Anker dann achtlos in die Korallen und wartete auf unsere R\u00fcckkehr.<br>Verglichen mit den bunten Korallenriffen im Roten Meer sind diese etwar bla\u00df. wir haben trotzdem ein paar sch\u00f6ne Bilder mit einer einfachen  Fixfocus-Kamera gemacht.<\/p>\n\n\n\n<p>Die Insel ist vulkanischen Ursprungs, doch die aktive Zeit dieser Riesen ist lange vorbei. Ausfl\u00fcge brachten und zur sogenannten &#8222;siebenfarbigen&#8220; Erde von Chamarel (wir haben es nicht nachgez\u00e4hlt) und zu den Wasserf\u00e4llen. Der Abstieg zum Bassin dauert eine halbe Stunde, der Aufstieg ist etwa dreimal so lang. Keine Empfehlung im Sommer bei 40 Grad im Schatten !  Der Casela Vogelpark war leider eine Entt\u00e4uschung. Bis auf ein paar schwarze Schw\u00e4ne und Enten sind alle V\u00f6gel in Volieren.<br>Man muss nicht erst in den Casela Vogelpark, um einheimische V\u00f6gel zu sehen. In den Hotelanlagen sind viele V\u00f6gel handzahm. Kein Wunder, wenn dann die meisten Butterkekse zum Vogelfutter werden. Wir haben eine unserer vielen handzahmen mauritianischen Tauben &#8222;Hedwig&#8220; getauft, in Anlehnung an Harry Potters Eule.<\/p>\n\n\n\n<p>Die ideale Reisezeit ist \u00fcbrigens am Ende des mauritianische Winters (September) und Anfang Fr\u00fchling (Oktober). Hier liegen die Temperaturen bei angenehmen 23 bis 28 Grad bei wenig Luftfeuchte. Na ja, hier und da ist auch ein wenig Regen dabei, der sich an der Nordwestk\u00fcste allerdings nie mehr als eine halbe Stunde h\u00e4lt.<\/p>\n\n\n\n<p>In der Bucht von &#8222;Grand Baie&#8220; starten viele Tauch-, Schnorchel- und Glasboden-Touren und &#8222;Undersea Walks&#8220;. Bei letzteren bekommt man im etwa 3m tiefen Wasser einen ger\u00e4umigen Taucherhelm \u00fcbergest\u00fclpt, so dass auch ein Unge\u00fcbter zu Fu\u00df die Korallenwelt entdecken kann &#8211; so weit der Pressluftschlauch es erlaubt. F\u00fcr die ganz mutigen gibt es Touren in echten Unterseebooten, die in etwa 30 m Tiefe vor den Korallenb\u00e4nken abtauchen.<\/p>\n\n\n\n<p>In der quirligen Hauptstadt Port Luis sollte man besonders in den engen Gassen des Grossmarktes ein gutes Auge auf seine Wertsachen haben.<br>Das neu erbaute Hafencenter auf der anderen Seite der Hauptstrasse ist ein starker Kontrast dazu. Hier wird in zwei Etagen all das angeboten, was gut &#8211; und vor Allem &#8211; teuer ist. \u00dcbrigens ist Alles, was auf Mauritius importiert werden muss, sehr teuer. Eine Schachtel Marlboro kostet z.b. DM 15.00, eine Flasche Bacardi DM 70 (im Supermarkt !). Aber wer trinkt schon Bacardi, wenn das Hauptprodukt der Insel Zuckerrohr ist. Der inl\u00e4ndische Rum ist genau so gut. Das inl\u00e4ndische Bier (Ph\u00f6nix) wird \u00fcbrigens aus Kartoffeln gebraut und ist (erstaunlich) lecker wie ein heimisches Pils. Prost!<\/p>\n\n\n\n<p>[sswp-slide sswpid=273]<\/p>\n\n\n\n<figure class=\"wp-block-gallery columns-3 is-cropped wp-block-gallery-1 is-layout-flex wp-block-gallery-is-layout-flex\"><ul class=\"blocks-gallery-grid\"><li class=\"blocks-gallery-item\"><figure><img loading=\"lazy\" decoding=\"async\" width=\"1024\" height=\"679\" src=\"http:\/\/wp.luechtenberg.de\/wp-content\/uploads\/2019\/12\/FixFocus15_003-1024x679.jpg\" alt=\"\" data-id=\"291\" data-full-url=\"http:\/\/wp.luechtenberg.de\/wp-content\/uploads\/2019\/12\/FixFocus15_003-scaled.jpg\" data-link=\"http:\/\/wp.luechtenberg.de\/?attachment_id=291\" class=\"wp-image-291\" srcset=\"https:\/\/www.luechtenberg.de\/WordPress_01\/wp-content\/uploads\/2019\/12\/FixFocus15_003-1024x679.jpg 1024w, https:\/\/www.luechtenberg.de\/WordPress_01\/wp-content\/uploads\/2019\/12\/FixFocus15_003-300x199.jpg 300w, https:\/\/www.luechtenberg.de\/WordPress_01\/wp-content\/uploads\/2019\/12\/FixFocus15_003-768x509.jpg 768w, https:\/\/www.luechtenberg.de\/WordPress_01\/wp-content\/uploads\/2019\/12\/FixFocus15_003-1536x1018.jpg 1536w, https:\/\/www.luechtenberg.de\/WordPress_01\/wp-content\/uploads\/2019\/12\/FixFocus15_003-2048x1358.jpg 2048w, https:\/\/www.luechtenberg.de\/WordPress_01\/wp-content\/uploads\/2019\/12\/FixFocus15_003-1200x795.jpg 1200w\" sizes=\"auto, (max-width: 709px) 85vw, (max-width: 909px) 67vw, (max-width: 1362px) 62vw, 840px\" \/><\/figure><\/li><li class=\"blocks-gallery-item\"><figure><img loading=\"lazy\" decoding=\"async\" width=\"1024\" height=\"679\" src=\"http:\/\/wp.luechtenberg.de\/wp-content\/uploads\/2019\/12\/FixFocus15_001-1024x679.jpg\" alt=\"\" data-id=\"290\" data-full-url=\"http:\/\/wp.luechtenberg.de\/wp-content\/uploads\/2019\/12\/FixFocus15_001-scaled.jpg\" data-link=\"http:\/\/wp.luechtenberg.de\/?attachment_id=290\" class=\"wp-image-290\" srcset=\"https:\/\/www.luechtenberg.de\/WordPress_01\/wp-content\/uploads\/2019\/12\/FixFocus15_001-1024x679.jpg 1024w, https:\/\/www.luechtenberg.de\/WordPress_01\/wp-content\/uploads\/2019\/12\/FixFocus15_001-300x199.jpg 300w, https:\/\/www.luechtenberg.de\/WordPress_01\/wp-content\/uploads\/2019\/12\/FixFocus15_001-768x509.jpg 768w, https:\/\/www.luechtenberg.de\/WordPress_01\/wp-content\/uploads\/2019\/12\/FixFocus15_001-1536x1018.jpg 1536w, https:\/\/www.luechtenberg.de\/WordPress_01\/wp-content\/uploads\/2019\/12\/FixFocus15_001-2048x1358.jpg 2048w, https:\/\/www.luechtenberg.de\/WordPress_01\/wp-content\/uploads\/2019\/12\/FixFocus15_001-1200x795.jpg 1200w\" sizes=\"auto, (max-width: 709px) 85vw, (max-width: 909px) 67vw, (max-width: 1362px) 62vw, 840px\" \/><\/figure><\/li><li class=\"blocks-gallery-item\"><figure><img loading=\"lazy\" decoding=\"async\" width=\"1024\" height=\"679\" src=\"http:\/\/wp.luechtenberg.de\/wp-content\/uploads\/2019\/12\/FixFocus12_001-1024x679.jpg\" alt=\"\" data-id=\"289\" data-full-url=\"http:\/\/wp.luechtenberg.de\/wp-content\/uploads\/2019\/12\/FixFocus12_001-scaled.jpg\" data-link=\"http:\/\/wp.luechtenberg.de\/?attachment_id=289\" class=\"wp-image-289\" srcset=\"https:\/\/www.luechtenberg.de\/WordPress_01\/wp-content\/uploads\/2019\/12\/FixFocus12_001-1024x679.jpg 1024w, https:\/\/www.luechtenberg.de\/WordPress_01\/wp-content\/uploads\/2019\/12\/FixFocus12_001-300x199.jpg 300w, https:\/\/www.luechtenberg.de\/WordPress_01\/wp-content\/uploads\/2019\/12\/FixFocus12_001-768x509.jpg 768w, https:\/\/www.luechtenberg.de\/WordPress_01\/wp-content\/uploads\/2019\/12\/FixFocus12_001-1536x1018.jpg 1536w, https:\/\/www.luechtenberg.de\/WordPress_01\/wp-content\/uploads\/2019\/12\/FixFocus12_001-2048x1358.jpg 2048w, https:\/\/www.luechtenberg.de\/WordPress_01\/wp-content\/uploads\/2019\/12\/FixFocus12_001-1200x795.jpg 1200w\" sizes=\"auto, (max-width: 709px) 85vw, (max-width: 909px) 67vw, (max-width: 1362px) 62vw, 840px\" \/><\/figure><\/li><li class=\"blocks-gallery-item\"><figure><img loading=\"lazy\" decoding=\"async\" width=\"1024\" height=\"679\" src=\"http:\/\/wp.luechtenberg.de\/wp-content\/uploads\/2019\/12\/FixFocus11_002-1024x679.jpg\" alt=\"\" data-id=\"288\" data-full-url=\"http:\/\/wp.luechtenberg.de\/wp-content\/uploads\/2019\/12\/FixFocus11_002-scaled.jpg\" data-link=\"http:\/\/wp.luechtenberg.de\/?attachment_id=288\" class=\"wp-image-288\" srcset=\"https:\/\/www.luechtenberg.de\/WordPress_01\/wp-content\/uploads\/2019\/12\/FixFocus11_002-1024x679.jpg 1024w, https:\/\/www.luechtenberg.de\/WordPress_01\/wp-content\/uploads\/2019\/12\/FixFocus11_002-300x199.jpg 300w, https:\/\/www.luechtenberg.de\/WordPress_01\/wp-content\/uploads\/2019\/12\/FixFocus11_002-768x509.jpg 768w, https:\/\/www.luechtenberg.de\/WordPress_01\/wp-content\/uploads\/2019\/12\/FixFocus11_002-1536x1018.jpg 1536w, https:\/\/www.luechtenberg.de\/WordPress_01\/wp-content\/uploads\/2019\/12\/FixFocus11_002-2048x1358.jpg 2048w, https:\/\/www.luechtenberg.de\/WordPress_01\/wp-content\/uploads\/2019\/12\/FixFocus11_002-1200x795.jpg 1200w\" sizes=\"auto, (max-width: 709px) 85vw, (max-width: 909px) 67vw, (max-width: 1362px) 62vw, 840px\" \/><\/figure><\/li><li class=\"blocks-gallery-item\"><figure><img loading=\"lazy\" decoding=\"async\" width=\"1024\" height=\"679\" src=\"http:\/\/wp.luechtenberg.de\/wp-content\/uploads\/2019\/12\/FixFocus11_001-1024x679.jpg\" alt=\"\" data-id=\"287\" data-full-url=\"http:\/\/wp.luechtenberg.de\/wp-content\/uploads\/2019\/12\/FixFocus11_001-scaled.jpg\" data-link=\"http:\/\/wp.luechtenberg.de\/?attachment_id=287\" class=\"wp-image-287\" srcset=\"https:\/\/www.luechtenberg.de\/WordPress_01\/wp-content\/uploads\/2019\/12\/FixFocus11_001-1024x679.jpg 1024w, https:\/\/www.luechtenberg.de\/WordPress_01\/wp-content\/uploads\/2019\/12\/FixFocus11_001-300x199.jpg 300w, https:\/\/www.luechtenberg.de\/WordPress_01\/wp-content\/uploads\/2019\/12\/FixFocus11_001-768x509.jpg 768w, https:\/\/www.luechtenberg.de\/WordPress_01\/wp-content\/uploads\/2019\/12\/FixFocus11_001-1536x1018.jpg 1536w, https:\/\/www.luechtenberg.de\/WordPress_01\/wp-content\/uploads\/2019\/12\/FixFocus11_001-2048x1358.jpg 2048w, https:\/\/www.luechtenberg.de\/WordPress_01\/wp-content\/uploads\/2019\/12\/FixFocus11_001-1200x795.jpg 1200w\" sizes=\"auto, (max-width: 709px) 85vw, (max-width: 909px) 67vw, (max-width: 1362px) 62vw, 840px\" \/><\/figure><\/li><li class=\"blocks-gallery-item\"><figure><img loading=\"lazy\" decoding=\"async\" width=\"1024\" height=\"679\" src=\"http:\/\/wp.luechtenberg.de\/wp-content\/uploads\/2019\/12\/FixFocus8_001-1024x679.jpg\" alt=\"\" data-id=\"286\" data-full-url=\"http:\/\/wp.luechtenberg.de\/wp-content\/uploads\/2019\/12\/FixFocus8_001-scaled.jpg\" data-link=\"http:\/\/wp.luechtenberg.de\/?attachment_id=286\" class=\"wp-image-286\" srcset=\"https:\/\/www.luechtenberg.de\/WordPress_01\/wp-content\/uploads\/2019\/12\/FixFocus8_001-1024x679.jpg 1024w, https:\/\/www.luechtenberg.de\/WordPress_01\/wp-content\/uploads\/2019\/12\/FixFocus8_001-300x199.jpg 300w, https:\/\/www.luechtenberg.de\/WordPress_01\/wp-content\/uploads\/2019\/12\/FixFocus8_001-768x509.jpg 768w, https:\/\/www.luechtenberg.de\/WordPress_01\/wp-content\/uploads\/2019\/12\/FixFocus8_001-1536x1018.jpg 1536w, https:\/\/www.luechtenberg.de\/WordPress_01\/wp-content\/uploads\/2019\/12\/FixFocus8_001-2048x1358.jpg 2048w, https:\/\/www.luechtenberg.de\/WordPress_01\/wp-content\/uploads\/2019\/12\/FixFocus8_001-1200x795.jpg 1200w\" sizes=\"auto, (max-width: 709px) 85vw, (max-width: 909px) 67vw, (max-width: 1362px) 62vw, 840px\" \/><\/figure><\/li><li class=\"blocks-gallery-item\"><figure><img loading=\"lazy\" decoding=\"async\" width=\"1024\" height=\"679\" src=\"http:\/\/wp.luechtenberg.de\/wp-content\/uploads\/2019\/12\/FixFocus7_003-1024x679.jpg\" alt=\"\" data-id=\"285\" data-full-url=\"http:\/\/wp.luechtenberg.de\/wp-content\/uploads\/2019\/12\/FixFocus7_003-scaled.jpg\" data-link=\"http:\/\/wp.luechtenberg.de\/?attachment_id=285\" class=\"wp-image-285\" srcset=\"https:\/\/www.luechtenberg.de\/WordPress_01\/wp-content\/uploads\/2019\/12\/FixFocus7_003-1024x679.jpg 1024w, https:\/\/www.luechtenberg.de\/WordPress_01\/wp-content\/uploads\/2019\/12\/FixFocus7_003-300x199.jpg 300w, https:\/\/www.luechtenberg.de\/WordPress_01\/wp-content\/uploads\/2019\/12\/FixFocus7_003-768x509.jpg 768w, https:\/\/www.luechtenberg.de\/WordPress_01\/wp-content\/uploads\/2019\/12\/FixFocus7_003-1536x1018.jpg 1536w, https:\/\/www.luechtenberg.de\/WordPress_01\/wp-content\/uploads\/2019\/12\/FixFocus7_003-2048x1358.jpg 2048w, https:\/\/www.luechtenberg.de\/WordPress_01\/wp-content\/uploads\/2019\/12\/FixFocus7_003-1200x795.jpg 1200w\" sizes=\"auto, (max-width: 709px) 85vw, (max-width: 909px) 67vw, (max-width: 1362px) 62vw, 840px\" \/><\/figure><\/li><li class=\"blocks-gallery-item\"><figure><img loading=\"lazy\" decoding=\"async\" width=\"1024\" height=\"679\" src=\"http:\/\/wp.luechtenberg.de\/wp-content\/uploads\/2019\/12\/FixFocus4_004-1024x679.jpg\" alt=\"\" data-id=\"284\" data-full-url=\"http:\/\/wp.luechtenberg.de\/wp-content\/uploads\/2019\/12\/FixFocus4_004-scaled.jpg\" data-link=\"http:\/\/wp.luechtenberg.de\/?attachment_id=284\" class=\"wp-image-284\" srcset=\"https:\/\/www.luechtenberg.de\/WordPress_01\/wp-content\/uploads\/2019\/12\/FixFocus4_004-1024x679.jpg 1024w, https:\/\/www.luechtenberg.de\/WordPress_01\/wp-content\/uploads\/2019\/12\/FixFocus4_004-300x199.jpg 300w, https:\/\/www.luechtenberg.de\/WordPress_01\/wp-content\/uploads\/2019\/12\/FixFocus4_004-768x509.jpg 768w, https:\/\/www.luechtenberg.de\/WordPress_01\/wp-content\/uploads\/2019\/12\/FixFocus4_004-1536x1018.jpg 1536w, https:\/\/www.luechtenberg.de\/WordPress_01\/wp-content\/uploads\/2019\/12\/FixFocus4_004-2048x1358.jpg 2048w, https:\/\/www.luechtenberg.de\/WordPress_01\/wp-content\/uploads\/2019\/12\/FixFocus4_004-1200x795.jpg 1200w\" sizes=\"auto, (max-width: 709px) 85vw, (max-width: 909px) 67vw, (max-width: 1362px) 62vw, 840px\" \/><\/figure><\/li><li class=\"blocks-gallery-item\"><figure><img loading=\"lazy\" decoding=\"async\" width=\"1024\" height=\"679\" src=\"http:\/\/wp.luechtenberg.de\/wp-content\/uploads\/2019\/12\/FixFocus4_003-1024x679.jpg\" alt=\"\" data-id=\"283\" data-full-url=\"http:\/\/wp.luechtenberg.de\/wp-content\/uploads\/2019\/12\/FixFocus4_003-scaled.jpg\" data-link=\"http:\/\/wp.luechtenberg.de\/?attachment_id=283\" class=\"wp-image-283\" srcset=\"https:\/\/www.luechtenberg.de\/WordPress_01\/wp-content\/uploads\/2019\/12\/FixFocus4_003-1024x679.jpg 1024w, https:\/\/www.luechtenberg.de\/WordPress_01\/wp-content\/uploads\/2019\/12\/FixFocus4_003-300x199.jpg 300w, https:\/\/www.luechtenberg.de\/WordPress_01\/wp-content\/uploads\/2019\/12\/FixFocus4_003-768x509.jpg 768w, https:\/\/www.luechtenberg.de\/WordPress_01\/wp-content\/uploads\/2019\/12\/FixFocus4_003-1536x1018.jpg 1536w, https:\/\/www.luechtenberg.de\/WordPress_01\/wp-content\/uploads\/2019\/12\/FixFocus4_003-2048x1358.jpg 2048w, https:\/\/www.luechtenberg.de\/WordPress_01\/wp-content\/uploads\/2019\/12\/FixFocus4_003-1200x795.jpg 1200w\" sizes=\"auto, (max-width: 709px) 85vw, (max-width: 909px) 67vw, (max-width: 1362px) 62vw, 840px\" \/><\/figure><\/li><li class=\"blocks-gallery-item\"><figure><img loading=\"lazy\" decoding=\"async\" width=\"1018\" height=\"675\" src=\"http:\/\/wp.luechtenberg.de\/wp-content\/uploads\/2019\/12\/FixFocus3_003.jpg\" alt=\"\" data-id=\"282\" data-full-url=\"http:\/\/wp.luechtenberg.de\/wp-content\/uploads\/2019\/12\/FixFocus3_003.jpg\" data-link=\"http:\/\/wp.luechtenberg.de\/?attachment_id=282\" class=\"wp-image-282\" srcset=\"https:\/\/www.luechtenberg.de\/WordPress_01\/wp-content\/uploads\/2019\/12\/FixFocus3_003.jpg 1018w, https:\/\/www.luechtenberg.de\/WordPress_01\/wp-content\/uploads\/2019\/12\/FixFocus3_003-300x199.jpg 300w, https:\/\/www.luechtenberg.de\/WordPress_01\/wp-content\/uploads\/2019\/12\/FixFocus3_003-768x509.jpg 768w\" sizes=\"auto, (max-width: 709px) 85vw, (max-width: 909px) 67vw, (max-width: 1362px) 62vw, 840px\" \/><\/figure><\/li><li class=\"blocks-gallery-item\"><figure><img loading=\"lazy\" decoding=\"async\" width=\"1018\" height=\"675\" src=\"http:\/\/wp.luechtenberg.de\/wp-content\/uploads\/2019\/12\/FixFocus3_002.jpg\" alt=\"\" data-id=\"281\" data-full-url=\"http:\/\/wp.luechtenberg.de\/wp-content\/uploads\/2019\/12\/FixFocus3_002.jpg\" data-link=\"http:\/\/wp.luechtenberg.de\/?attachment_id=281\" class=\"wp-image-281\" srcset=\"https:\/\/www.luechtenberg.de\/WordPress_01\/wp-content\/uploads\/2019\/12\/FixFocus3_002.jpg 1018w, https:\/\/www.luechtenberg.de\/WordPress_01\/wp-content\/uploads\/2019\/12\/FixFocus3_002-300x199.jpg 300w, https:\/\/www.luechtenberg.de\/WordPress_01\/wp-content\/uploads\/2019\/12\/FixFocus3_002-768x509.jpg 768w\" sizes=\"auto, (max-width: 709px) 85vw, (max-width: 909px) 67vw, (max-width: 1362px) 62vw, 840px\" \/><\/figure><\/li><li class=\"blocks-gallery-item\"><figure><img loading=\"lazy\" decoding=\"async\" width=\"1018\" height=\"675\" src=\"http:\/\/wp.luechtenberg.de\/wp-content\/uploads\/2019\/12\/FixFocus2_004.jpg\" alt=\"\" data-id=\"280\" data-full-url=\"http:\/\/wp.luechtenberg.de\/wp-content\/uploads\/2019\/12\/FixFocus2_004.jpg\" data-link=\"http:\/\/wp.luechtenberg.de\/?attachment_id=280\" class=\"wp-image-280\" srcset=\"https:\/\/www.luechtenberg.de\/WordPress_01\/wp-content\/uploads\/2019\/12\/FixFocus2_004.jpg 1018w, https:\/\/www.luechtenberg.de\/WordPress_01\/wp-content\/uploads\/2019\/12\/FixFocus2_004-300x199.jpg 300w, https:\/\/www.luechtenberg.de\/WordPress_01\/wp-content\/uploads\/2019\/12\/FixFocus2_004-768x509.jpg 768w\" sizes=\"auto, (max-width: 709px) 85vw, (max-width: 909px) 67vw, (max-width: 1362px) 62vw, 840px\" \/><\/figure><\/li><li class=\"blocks-gallery-item\"><figure><img loading=\"lazy\" decoding=\"async\" width=\"1018\" height=\"675\" src=\"http:\/\/wp.luechtenberg.de\/wp-content\/uploads\/2019\/12\/FixFocus2_002.jpg\" alt=\"\" data-id=\"279\" data-full-url=\"http:\/\/wp.luechtenberg.de\/wp-content\/uploads\/2019\/12\/FixFocus2_002.jpg\" data-link=\"http:\/\/wp.luechtenberg.de\/?attachment_id=279\" class=\"wp-image-279\" srcset=\"https:\/\/www.luechtenberg.de\/WordPress_01\/wp-content\/uploads\/2019\/12\/FixFocus2_002.jpg 1018w, https:\/\/www.luechtenberg.de\/WordPress_01\/wp-content\/uploads\/2019\/12\/FixFocus2_002-300x199.jpg 300w, https:\/\/www.luechtenberg.de\/WordPress_01\/wp-content\/uploads\/2019\/12\/FixFocus2_002-768x509.jpg 768w\" sizes=\"auto, (max-width: 709px) 85vw, (max-width: 909px) 67vw, (max-width: 1362px) 62vw, 840px\" \/><\/figure><\/li><li class=\"blocks-gallery-item\"><figure><img loading=\"lazy\" decoding=\"async\" width=\"1024\" height=\"679\" src=\"http:\/\/wp.luechtenberg.de\/wp-content\/uploads\/2019\/12\/FixFocus1_001-1024x679.jpg\" alt=\"\" data-id=\"278\" data-full-url=\"http:\/\/wp.luechtenberg.de\/wp-content\/uploads\/2019\/12\/FixFocus1_001-scaled.jpg\" data-link=\"http:\/\/wp.luechtenberg.de\/?attachment_id=278\" class=\"wp-image-278\" srcset=\"https:\/\/www.luechtenberg.de\/WordPress_01\/wp-content\/uploads\/2019\/12\/FixFocus1_001-1024x679.jpg 1024w, https:\/\/www.luechtenberg.de\/WordPress_01\/wp-content\/uploads\/2019\/12\/FixFocus1_001-300x199.jpg 300w, https:\/\/www.luechtenberg.de\/WordPress_01\/wp-content\/uploads\/2019\/12\/FixFocus1_001-768x509.jpg 768w, https:\/\/www.luechtenberg.de\/WordPress_01\/wp-content\/uploads\/2019\/12\/FixFocus1_001-1536x1018.jpg 1536w, https:\/\/www.luechtenberg.de\/WordPress_01\/wp-content\/uploads\/2019\/12\/FixFocus1_001-2048x1358.jpg 2048w, https:\/\/www.luechtenberg.de\/WordPress_01\/wp-content\/uploads\/2019\/12\/FixFocus1_001-1200x795.jpg 1200w\" sizes=\"auto, (max-width: 709px) 85vw, (max-width: 909px) 67vw, (max-width: 1362px) 62vw, 840px\" \/><\/figure><\/li><\/ul><\/figure>\n","protected":false},"excerpt":{"rendered":"<p>Im Fr\u00fchling 2000, also noch zu Zeiten der guten alten D-Mark, zog es uns nach Mauritius. Bei der Ankunft erwartete uns ein recht heisses. tropisches Klima. Mit winzigen Bussen, bei denen das Gep\u00e4ck auf dem Dach verstaut wurde, sind wir dann zu den Hotels gebracht worden.Da hatten wir wohl einen Volltreffer gelandet, denn unser Hotel &hellip; <a href=\"https:\/\/www.luechtenberg.de\/WordPress_01\/gaby-und-roland\/mauritius-2000\/\" class=\"more-link\"><span class=\"screen-reader-text\">\u201eMauritius 2000\u201c<\/span> weiterlesen<\/a><\/p>\n","protected":false},"author":1,"featured_media":0,"parent":30,"menu_order":0,"comment_status":"closed","ping_status":"closed","template":"","meta":{"footnotes":""},"class_list":["post-245","page","type-page","status-publish","hentry"],"_links":{"self":[{"href":"https:\/\/www.luechtenberg.de\/WordPress_01\/wp-json\/wp\/v2\/pages\/245","targetHints":{"allow":["GET"]}}],"collection":[{"href":"https:\/\/www.luechtenberg.de\/WordPress_01\/wp-json\/wp\/v2\/pages"}],"about":[{"href":"https:\/\/www.luechtenberg.de\/WordPress_01\/wp-json\/wp\/v2\/types\/page"}],"author":[{"embeddable":true,"href":"https:\/\/www.luechtenberg.de\/WordPress_01\/wp-json\/wp\/v2\/users\/1"}],"replies":[{"embeddable":true,"href":"https:\/\/www.luechtenberg.de\/WordPress_01\/wp-json\/wp\/v2\/comments?post=245"}],"version-history":[{"count":5,"href":"https:\/\/www.luechtenberg.de\/WordPress_01\/wp-json\/wp\/v2\/pages\/245\/revisions"}],"predecessor-version":[{"id":293,"href":"https:\/\/www.luechtenberg.de\/WordPress_01\/wp-json\/wp\/v2\/pages\/245\/revisions\/293"}],"up":[{"embeddable":true,"href":"https:\/\/www.luechtenberg.de\/WordPress_01\/wp-json\/wp\/v2\/pages\/30"}],"wp:attachment":[{"href":"https:\/\/www.luechtenberg.de\/WordPress_01\/wp-json\/wp\/v2\/media?parent=245"}],"curies":[{"name":"wp","href":"https:\/\/api.w.org\/{rel}","templated":true}]}}