{"id":30,"date":"2017-03-13T11:17:58","date_gmt":"2017-03-13T10:17:58","guid":{"rendered":"http:\/\/wp.luechtenberg.de\/?page_id=30"},"modified":"2019-12-13T11:04:59","modified_gmt":"2019-12-13T10:04:59","slug":"gaby-und-roland","status":"publish","type":"page","link":"https:\/\/www.luechtenberg.de\/WordPress_01\/gaby-und-roland\/","title":{"rendered":"Gaby und Roland"},"content":{"rendered":"<p>Wir sind Gaby und Roland, haben uns 1985 kennengelernt und schlie\u00dflich 1992 &#8222;getraut&#8220;.<\/p>\n<p>Wir haben die halbe Welt bereist, waren auf Mauritius, in Hongkong, in Florida, Kalifornien und -zig mal in New York.<br \/>\nJede Urlaubsreise geht leider viel zu schnell zu Ende .<br \/>\nDoch oft braucht es nur wenige Sekunden f\u00fcr eine Erinnerung, die Dir niemand mehr nehmen kann:<\/p>\n<ul>\n<li>Der eiskalte Pazifik im M\u00e4rz in Santa Barbara, in den man unbedingt seine F\u00fcsse halten musste<\/li>\n<li>Der Start der US-Raumf\u00e4hre, beobachtet vom &#8222;Shamu&#8220;-Stadion in Seaworld, Orlando<\/li>\n<li>Das mulmige Gef\u00fchl um 1 Uhr Morgens auf dem Heimweg von der Nachtvorstellung im Kino am Timesqare<\/li>\n<li>Der verdorbene Magen nach einer t\u00f6dlichen Mischung Risotto und kaltem Mineralwasser<\/li>\n<\/ul>\n<p>Wirklich wohl haben wir uns auf den <strong>Kanaren (Lanzarote)<\/strong> und in <strong>Irland<\/strong> gef\u00fchlt. Lange Fl\u00fcge sind heute nicht mehr &#8222;unser Ding&#8220;.<img loading=\"lazy\" decoding=\"async\" class=\"size-medium wp-image-171 alignright\" src=\"http:\/\/wp.luechtenberg.de\/wp-content\/uploads\/2019\/12\/IMG_0612-225x300.jpg\" alt=\"\" width=\"225\" height=\"300\" srcset=\"https:\/\/www.luechtenberg.de\/WordPress_01\/wp-content\/uploads\/2019\/12\/IMG_0612-225x300.jpg 225w, https:\/\/www.luechtenberg.de\/WordPress_01\/wp-content\/uploads\/2019\/12\/IMG_0612-768x1024.jpg 768w, https:\/\/www.luechtenberg.de\/WordPress_01\/wp-content\/uploads\/2019\/12\/IMG_0612-1152x1536.jpg 1152w, https:\/\/www.luechtenberg.de\/WordPress_01\/wp-content\/uploads\/2019\/12\/IMG_0612-1536x2048.jpg 1536w, https:\/\/www.luechtenberg.de\/WordPress_01\/wp-content\/uploads\/2019\/12\/IMG_0612-1200x1600.jpg 1200w, https:\/\/www.luechtenberg.de\/WordPress_01\/wp-content\/uploads\/2019\/12\/IMG_0612-scaled.jpg 1920w\" sizes=\"auto, (max-width: 225px) 85vw, 225px\" \/><\/p>\n<p>Und was das Inland angeht, ist wohl <strong>Hamburg<\/strong> unser zweites Zuhause geworden.<br \/>\nKlar, das dort ein Besuch des <a href=\"https:\/\/www.tivoli.de\">Schmidt Theaters<\/a> und ein Spiel des besten Fu\u00dfballvereins am <a href=\"https:\/\/www.fcstpauli.com\">Millerntor<\/a> auf dem Programm steht!<\/p>\n<p>So ist es kein Wunder, wenn unsere Urlaubsreisen letztendlich nur noch zwischen diesen drei Zielen wechseln&#8230;.<\/p>\n<p>Und in der Zwischenzeit ? Na, auch in <strong>Duisburg<\/strong> l\u00e4\u00dft es sich prima leben, denn mit der <a href=\"https:\/\/www.dksc.de\"><strong>6-Seen-Platte<\/strong><\/a> hat Duisburg ein tolles Naherholungsgebiet, um das uns die Nachbarst\u00e4dte beneiden.<br \/>\nUnser kleines Segelboot &#8222;Robin&#8220; liegt dort und ist mit seinen 7.20 m L\u00e4nge sogar eines der gr\u00f6\u00dften.<img loading=\"lazy\" decoding=\"async\" class=\"size-medium wp-image-60 alignright\" src=\"http:\/\/wp.luechtenberg.de\/wp-content\/uploads\/2017\/03\/100_4382a-300x225.jpg\" alt=\"\" width=\"300\" height=\"225\" srcset=\"https:\/\/www.luechtenberg.de\/WordPress_01\/wp-content\/uploads\/2017\/03\/100_4382a-300x225.jpg 300w, https:\/\/www.luechtenberg.de\/WordPress_01\/wp-content\/uploads\/2017\/03\/100_4382a-768x576.jpg 768w, https:\/\/www.luechtenberg.de\/WordPress_01\/wp-content\/uploads\/2017\/03\/100_4382a-1024x768.jpg 1024w, https:\/\/www.luechtenberg.de\/WordPress_01\/wp-content\/uploads\/2017\/03\/100_4382a-1200x900.jpg 1200w\" sizes=\"auto, (max-width: 300px) 85vw, 300px\" \/>Wenn Roland es per Trailer mit nach Friesland nimmt, kehrt sich das schnell um, und manchmal wirkt &#8222;Robin&#8220; wie das Dinghy einer Superyacht.<\/p>\n<p>Seit 1999 z\u00e4hlt das Motorradfahren zu unseren Hobbys.<br \/>\nNein, nicht das Brettern mit H\u00f6chstgeschwindigkeit \u00fcber viel zu volle Autobahnen, sondern das gem\u00fctliche, langsame &#8222;Tuckern&#8220; \u00fcber Landstrassen, mit vielen Pausen und &#8222;Sightseeing&#8220;.<br \/>\nDazu ist unsere Moto-Guzzi California II bestens geeignet. Auch wenn Sie (noch) keine Sissi-Bar zum gem\u00fctlichen Anlehnen des Beifahrers hat, wie Gaby immer wieder feststellt. <b><\/b><\/p>\n<p>Ein paar technische Daten:<img loading=\"lazy\" decoding=\"async\" class=\"size-medium wp-image-168 alignright\" src=\"http:\/\/wp.luechtenberg.de\/wp-content\/uploads\/2019\/12\/DSC00894-300x225.jpg\" alt=\"\" width=\"300\" height=\"225\" srcset=\"https:\/\/www.luechtenberg.de\/WordPress_01\/wp-content\/uploads\/2019\/12\/DSC00894-300x225.jpg 300w, https:\/\/www.luechtenberg.de\/WordPress_01\/wp-content\/uploads\/2019\/12\/DSC00894-1024x768.jpg 1024w, https:\/\/www.luechtenberg.de\/WordPress_01\/wp-content\/uploads\/2019\/12\/DSC00894-768x576.jpg 768w, https:\/\/www.luechtenberg.de\/WordPress_01\/wp-content\/uploads\/2019\/12\/DSC00894-1536x1152.jpg 1536w, https:\/\/www.luechtenberg.de\/WordPress_01\/wp-content\/uploads\/2019\/12\/DSC00894-1200x900.jpg 1200w, https:\/\/www.luechtenberg.de\/WordPress_01\/wp-content\/uploads\/2019\/12\/DSC00894.jpg 2048w\" sizes=\"auto, (max-width: 300px) 85vw, 300px\" \/><br \/>\nHersteller: Moto Guzzi<br \/>\nTyp: California II<br \/>\nHubraum: Ca. 1000 ccm<br \/>\nGewicht: 270 KG<br \/>\nBaujahr: 1984<\/p>\n<p>Noch sch\u00f6ner als allein Motorradfahren ist, dies mit Freunden zusammen<br \/>\nauf einem Motorradtreffen zu tun.<\/p>\n<p><b><\/b>Wir stellen Euch in den folgenden Beitr\u00e4gen ein paar Impressionen ins Web und hoffen, Euch auch neugierig auf &#8222;unsere Lieblingsorte&#8220; machen zu k\u00f6nnen.<\/p>\n<p>Viel Spa\u00df.<\/p>\n<p>Gaby und Roland.<\/p>\n","protected":false},"excerpt":{"rendered":"<p>Wir sind Gaby und Roland, haben uns 1985 kennengelernt und schlie\u00dflich 1992 &#8222;getraut&#8220;. Wir haben die halbe Welt bereist, waren auf Mauritius, in Hongkong, in Florida, Kalifornien und -zig mal in New York. Jede Urlaubsreise geht leider viel zu schnell zu Ende . Doch oft braucht es nur wenige Sekunden f\u00fcr eine Erinnerung, die Dir &hellip; <a href=\"https:\/\/www.luechtenberg.de\/WordPress_01\/gaby-und-roland\/\" class=\"more-link\"><span class=\"screen-reader-text\">\u201eGaby und Roland\u201c<\/span> weiterlesen<\/a><\/p>\n","protected":false},"author":1,"featured_media":0,"parent":0,"menu_order":3,"comment_status":"closed","ping_status":"closed","template":"","meta":{"footnotes":""},"class_list":["post-30","page","type-page","status-publish","hentry"],"_links":{"self":[{"href":"https:\/\/www.luechtenberg.de\/WordPress_01\/wp-json\/wp\/v2\/pages\/30","targetHints":{"allow":["GET"]}}],"collection":[{"href":"https:\/\/www.luechtenberg.de\/WordPress_01\/wp-json\/wp\/v2\/pages"}],"about":[{"href":"https:\/\/www.luechtenberg.de\/WordPress_01\/wp-json\/wp\/v2\/types\/page"}],"author":[{"embeddable":true,"href":"https:\/\/www.luechtenberg.de\/WordPress_01\/wp-json\/wp\/v2\/users\/1"}],"replies":[{"embeddable":true,"href":"https:\/\/www.luechtenberg.de\/WordPress_01\/wp-json\/wp\/v2\/comments?post=30"}],"version-history":[{"count":9,"href":"https:\/\/www.luechtenberg.de\/WordPress_01\/wp-json\/wp\/v2\/pages\/30\/revisions"}],"predecessor-version":[{"id":196,"href":"https:\/\/www.luechtenberg.de\/WordPress_01\/wp-json\/wp\/v2\/pages\/30\/revisions\/196"}],"wp:attachment":[{"href":"https:\/\/www.luechtenberg.de\/WordPress_01\/wp-json\/wp\/v2\/media?parent=30"}],"curies":[{"name":"wp","href":"https:\/\/api.w.org\/{rel}","templated":true}]}}